{"id":8877,"date":"2020-06-01T15:44:23","date_gmt":"2020-06-01T19:44:23","guid":{"rendered":"https:\/\/sante-mentale-jeunesse.usherbrooke.ca\/hors-piste\/programme-post-secondaire\/"},"modified":"2023-06-14T08:27:21","modified_gmt":"2023-06-14T12:27:21","slug":"programme-post-secondaire","status":"publish","type":"page","link":"https:\/\/sante-mentale-jeunesse.usherbrooke.ca\/en\/hors-piste\/programme-post-secondaire\/","title":{"rendered":"Higher-Education"},"content":{"rendered":"<p>[et_pb_section fb_built=&#8221;1&#8243; _builder_version=&#8221;4.16&#8243; global_colors_info=&#8221;{}&#8221;][et_pb_row module_class=&#8221;et_pb_row_accordeon&#8221; _builder_version=&#8221;4.16&#8243; global_colors_info=&#8221;{}&#8221;][et_pb_column type=&#8221;4_4&#8243; _builder_version=&#8221;4.16&#8243; global_colors_info=&#8221;{}&#8221;][et_pb_text admin_label=&#8221;Titre page&#8221; module_class=&#8221;horspiste-titre&#8221; _builder_version=&#8221;4.20.0&#8243; hover_enabled=&#8221;0&#8243; global_colors_info=&#8221;{}&#8221; sticky_enabled=&#8221;0&#8243;]<\/p>\n<h1><img loading=\"lazy\" decoding=\"async\" class=\"wp-image-4311 alignnone size-full\" src=\"https:\/\/sante-mentale-jeunesse.usherbrooke.ca\/wp-content\/uploads\/2020\/06\/logo_hors-piste_post-secondaire_crop.png\" alt=\"\" width=\"288\" height=\"86\" \/><br \/><strong>Higher-Education<\/strong><\/h1>\n<p>[\/et_pb_text][et_pb_text admin_label=&#8221;Introduction&#8221; _builder_version=&#8221;4.16&#8243; global_colors_info=&#8221;{}&#8221;]<\/p>\n<p>Le volet post-secondaire se d\u00e9ploie au sein des cinq \u00e9tablissements d\u2019enseignement sup\u00e9rieur en Estrie et vise la mise en place de plusieurs initiatives \u00e0 tous les niveaux du syst\u00e8me. Il s\u2019agit d\u2019un projet de collaboration entre les \u00e9tablissements d\u2019enseignement partenaires du projet et le Centre RBC qui a pour objectif ultime de favoriser la sant\u00e9 psychologique de la communaut\u00e9 \u00e9tudiante post-secondaire de l\u2019Estrie de fa\u00e7on durable. Le r\u00f4le du Centre RBC consiste principalement \u00e0 soutenir les \u00e9tablissements en leur fournissant de l\u2019information sur les meilleures pratiques recens\u00e9es dans la litt\u00e9rature, en cr\u00e9ant des espaces de r\u00e9flexion et d\u2019\u00e9change entre les acteurs et en assurant l\u2019\u00e9valuation des initiatives mises en place.<\/p>\n<h1>Pour plus d\u2019informations sur le projet<\/h1>\n<p>Le site web du\u00a0<a href=\"http:\/\/projetsantepsy.raphaelpion.com\/index.html\" target=\"_blank\" rel=\"noindex noopener noreferrer\">Projet sant\u00e9 Psy<\/a>, d\u00e9velopp\u00e9 par un \u00e9tudiant du C\u00e9gep de Sherbrooke, vous permet d\u2019en apprendre un peu plus sur la nature du projet\u00a0et son contexte.<\/p>\n<p>[\/et_pb_text][et_pb_text admin_label=&#8221;Cat\u00e9gories&#8221; _builder_version=&#8221;4.16&#8243; global_colors_info=&#8221;{}&#8221;]<\/p>\n<ul>\n<li>Outils et initiatives\n<ul>\n<li>Catalogue des initiatives et des pratiques inspirantes\n<ul>\n<li>Dans son r\u00f4le de soutien au projet, le Centre RBC a r\u00e9alis\u00e9 une revue de la litt\u00e9rature sur les initiatives et pratiques prometteuses pour favoriser la sant\u00e9 psychologique des \u00e9tudiants post-secondaires recens\u00e9s au Qu\u00e9bec et ailleurs dans le monde.<br \/><a href=\"https:\/\/sante-mentale-jeunesse.usherbrooke.ca\/wp-content\/uploads\/2020\/10\/Catalogue-des-Initiatives_2eEdition_2020-09-30.pdf\" target=\"_blank\" rel=\"noindex attachment noopener wp-att-5863 noreferrer\">Catalogue des initiatives et des pratiques inspirantes<\/a><\/li>\n<\/ul>\n<\/li>\n<li>S\u00e9rie vid\u00e9o Ensemble et avec soi\n<ul>\n<li>La s\u00e9rie vid\u00e9o\u00a0<a href=\"https:\/\/sante-mentale-jeunesse.usherbrooke.ca\/je-suis-un-jeune\/boite-a-outils-2\/serie-web-bien-ensemble-et-avec-soi\/\" target=\"_blank\" rel=\"noindex noopener noreferrer\">Ensemble et avec soi<\/a>\u00a0comporte16 capsules vid\u00e9os. Elle a \u00e9t\u00e9 r\u00e9alis\u00e9e par Jacinthe Leduc, formatrice et accompagnatrice au Centre RBC, afin d\u2019accompagner les jeunes adultes \u00e0 bonifier la qualit\u00e9 de leurs relations \u00e0 soi et aux autres.<\/li>\n<\/ul>\n<\/li>\n<li>Document synth\u00e8se sur la motivation et les \u00e9tudes \u00e0 distance\n<ul>\n<li>La motivation peut souvent s\u2019av\u00e9rer un enjeu pendant les \u00e9tudes, encore plus lorsque celles-ci doivent se faire \u00e0 distance. Ce document synth\u00e8se permet de mieux comprendre les m\u00e9canismes qui r\u00e9gulent la motivation et permet de se doter de strat\u00e9gies concr\u00e8tes pour augmenter sa motivation.<br \/><a href=\"https:\/\/sante-mentale-jeunesse.usherbrooke.ca\/wp-content\/uploads\/2020\/08\/fiche_motivation_etude_a_distance.pdf\" target=\"_blank\" rel=\"noindex attachment noopener wp-att-4586 noreferrer\">Motivation et \u00e9tudes \u00e0 distance<\/a><\/li>\n<\/ul>\n<\/li>\n<\/ul>\n<\/li>\n<\/ul>\n<p style=\"padding-left: 120px;\">\n<p>[\/et_pb_text][\/et_pb_column][\/et_pb_row][\/et_pb_section]<\/p>\n","protected":false},"excerpt":{"rendered":"<p>Higher-EducationLe volet post-secondaire se d\u00e9ploie au sein des cinq \u00e9tablissements d\u2019enseignement sup\u00e9rieur en Estrie et vise la mise en place de plusieurs initiatives \u00e0 tous les niveaux du syst\u00e8me. Il s\u2019agit d\u2019un projet de collaboration entre les \u00e9tablissements d\u2019enseignement partenaires du projet et le Centre RBC qui a pour objectif ultime de favoriser la sant\u00e9 psychologique de la communaut\u00e9 \u00e9tudiante post-secondaire de l\u2019Estrie de fa\u00e7on durable. Le r\u00f4le du Centre RBC consiste principalement \u00e0 soutenir les \u00e9tablissements en leur fournissant de l\u2019information sur les meilleures pratiques recens\u00e9es dans la litt\u00e9rature, en cr\u00e9ant des espaces de r\u00e9flexion et d\u2019\u00e9change entre les acteurs et en assurant l\u2019\u00e9valuation des initiatives mises en place. Pour plus d\u2019informations sur le projet Le site web du\u00a0Projet sant\u00e9 Psy, d\u00e9velopp\u00e9 par un \u00e9tudiant du C\u00e9gep de Sherbrooke, vous permet d\u2019en apprendre un peu plus sur la nature du projet\u00a0et son contexte. Outils et initiatives Catalogue des initiatives et des pratiques inspirantes Dans son r\u00f4le de soutien au projet, le Centre RBC a r\u00e9alis\u00e9 une revue de la litt\u00e9rature sur les initiatives et pratiques prometteuses pour favoriser la sant\u00e9 psychologique des \u00e9tudiants post-secondaires recens\u00e9s au Qu\u00e9bec et ailleurs dans le monde.Catalogue des initiatives et des pratiques inspirantes S\u00e9rie [&hellip;]<\/p>\n","protected":false},"author":7,"featured_media":0,"parent":8870,"menu_order":0,"comment_status":"closed","ping_status":"closed","template":"template-horspiste.php","meta":{"_et_pb_use_builder":"on","_et_pb_old_content":"","_et_gb_content_width":"","footnotes":""},"class_list":["post-8877","page","type-page","status-publish","hentry"],"acf":[],"yoast_head":"<!-- This site is optimized with the Yoast SEO plugin v27.3 - https:\/\/yoast.com\/product\/yoast-seo-wordpress\/ -->\n<title>Higher-Education - Centre RBC d&#039;expertise universitaire<\/title>\n<meta name=\"robots\" content=\"index, follow, max-snippet:-1, max-image-preview:large, max-video-preview:-1\" \/>\n<link rel=\"canonical\" href=\"https:\/\/sante-mentale-jeunesse.usherbrooke.ca\/en\/hors-piste\/programme-post-secondaire\/\" \/>\n<meta property=\"og:locale\" content=\"en_US\" \/>\n<meta property=\"og:type\" content=\"article\" \/>\n<meta property=\"og:title\" content=\"Higher-Education - Centre RBC d&#039;expertise universitaire\" \/>\n<meta property=\"og:description\" content=\"Higher-EducationLe volet post-secondaire se d\u00e9ploie au sein des cinq \u00e9tablissements d\u2019enseignement sup\u00e9rieur en Estrie et vise la mise en place de plusieurs initiatives \u00e0 tous les niveaux du syst\u00e8me. Il s\u2019agit d\u2019un projet de collaboration entre les \u00e9tablissements d\u2019enseignement partenaires du projet et le Centre RBC qui a pour objectif ultime de favoriser la sant\u00e9 psychologique de la communaut\u00e9 \u00e9tudiante post-secondaire de l\u2019Estrie de fa\u00e7on durable. Le r\u00f4le du Centre RBC consiste principalement \u00e0 soutenir les \u00e9tablissements en leur fournissant de l\u2019information sur les meilleures pratiques recens\u00e9es dans la litt\u00e9rature, en cr\u00e9ant des espaces de r\u00e9flexion et d\u2019\u00e9change entre les acteurs et en assurant l\u2019\u00e9valuation des initiatives mises en place. Pour plus d\u2019informations sur le projet Le site web du\u00a0Projet sant\u00e9 Psy, d\u00e9velopp\u00e9 par un \u00e9tudiant du C\u00e9gep de Sherbrooke, vous permet d\u2019en apprendre un peu plus sur la nature du projet\u00a0et son contexte. Outils et initiatives Catalogue des initiatives et des pratiques inspirantes Dans son r\u00f4le de soutien au projet, le Centre RBC a r\u00e9alis\u00e9 une revue de la litt\u00e9rature sur les initiatives et pratiques prometteuses pour favoriser la sant\u00e9 psychologique des \u00e9tudiants post-secondaires recens\u00e9s au Qu\u00e9bec et ailleurs dans le monde.Catalogue des initiatives et des pratiques inspirantes S\u00e9rie [&hellip;]\" \/>\n<meta property=\"og:url\" content=\"https:\/\/sante-mentale-jeunesse.usherbrooke.ca\/en\/hors-piste\/programme-post-secondaire\/\" \/>\n<meta property=\"og:site_name\" content=\"Centre RBC d&#039;expertise universitaire\" \/>\n<meta property=\"article:publisher\" content=\"https:\/\/www.facebook.com\/CentreRBCdexpertise\/?ref=aymt_homepage_panel&amp;amp%3bamp%3bamp%3bamp%3bamp%3bamp%3bamp%3bamp%3bamp%3bamp%3bamp%3bamp%3beid=ARC6vBsAoGSLHTefYC0b9nfWV-5nfRgGZKMP-b9mfcj2ngnifRHBNxaG01v_vKc32EbSzBDNPVi_EOeB\" \/>\n<meta property=\"article:modified_time\" content=\"2023-06-14T12:27:21+00:00\" \/>\n<meta property=\"og:image\" content=\"https:\/\/sante-mentale-jeunesse.usherbrooke.ca\/wp-content\/uploads\/2020\/06\/logo_hors-piste_post-secondaire_crop.png\" \/>\n<meta name=\"twitter:card\" content=\"summary_large_image\" \/>\n<meta name=\"twitter:label1\" content=\"Est. reading time\" \/>\n\t<meta name=\"twitter:data1\" content=\"2 minutes\" \/>\n<script type=\"application\/ld+json\" class=\"yoast-schema-graph\">{\"@context\":\"https:\\\/\\\/schema.org\",\"@graph\":[{\"@type\":\"WebPage\",\"@id\":\"https:\\\/\\\/sante-mentale-jeunesse.usherbrooke.ca\\\/en\\\/hors-piste\\\/programme-post-secondaire\\\/\",\"url\":\"https:\\\/\\\/sante-mentale-jeunesse.usherbrooke.ca\\\/en\\\/hors-piste\\\/programme-post-secondaire\\\/\",\"name\":\"Higher-Education - Centre RBC d&#039;expertise universitaire\",\"isPartOf\":{\"@id\":\"https:\\\/\\\/sante-mentale-jeunesse.usherbrooke.ca\\\/en\\\/#website\"},\"primaryImageOfPage\":{\"@id\":\"https:\\\/\\\/sante-mentale-jeunesse.usherbrooke.ca\\\/en\\\/hors-piste\\\/programme-post-secondaire\\\/#primaryimage\"},\"image\":{\"@id\":\"https:\\\/\\\/sante-mentale-jeunesse.usherbrooke.ca\\\/en\\\/hors-piste\\\/programme-post-secondaire\\\/#primaryimage\"},\"thumbnailUrl\":\"https:\\\/\\\/sante-mentale-jeunesse.usherbrooke.ca\\\/wp-content\\\/uploads\\\/2020\\\/06\\\/logo_hors-piste_post-secondaire_crop.png\",\"datePublished\":\"2020-06-01T19:44:23+00:00\",\"dateModified\":\"2023-06-14T12:27:21+00:00\",\"breadcrumb\":{\"@id\":\"https:\\\/\\\/sante-mentale-jeunesse.usherbrooke.ca\\\/en\\\/hors-piste\\\/programme-post-secondaire\\\/#breadcrumb\"},\"inLanguage\":\"en-US\",\"potentialAction\":[{\"@type\":\"ReadAction\",\"target\":[\"https:\\\/\\\/sante-mentale-jeunesse.usherbrooke.ca\\\/en\\\/hors-piste\\\/programme-post-secondaire\\\/\"]}]},{\"@type\":\"ImageObject\",\"inLanguage\":\"en-US\",\"@id\":\"https:\\\/\\\/sante-mentale-jeunesse.usherbrooke.ca\\\/en\\\/hors-piste\\\/programme-post-secondaire\\\/#primaryimage\",\"url\":\"https:\\\/\\\/sante-mentale-jeunesse.usherbrooke.ca\\\/wp-content\\\/uploads\\\/2020\\\/06\\\/logo_hors-piste_post-secondaire_crop.png\",\"contentUrl\":\"https:\\\/\\\/sante-mentale-jeunesse.usherbrooke.ca\\\/wp-content\\\/uploads\\\/2020\\\/06\\\/logo_hors-piste_post-secondaire_crop.png\"},{\"@type\":\"BreadcrumbList\",\"@id\":\"https:\\\/\\\/sante-mentale-jeunesse.usherbrooke.ca\\\/en\\\/hors-piste\\\/programme-post-secondaire\\\/#breadcrumb\",\"itemListElement\":[{\"@type\":\"ListItem\",\"position\":1,\"name\":\"Accueil\",\"item\":\"https:\\\/\\\/sante-mentale-jeunesse.usherbrooke.ca\\\/en\\\/\"},{\"@type\":\"ListItem\",\"position\":2,\"name\":\"HORS PISTE\",\"item\":\"https:\\\/\\\/sante-mentale-jeunesse.usherbrooke.ca\\\/en\\\/hors-piste\\\/\"},{\"@type\":\"ListItem\",\"position\":3,\"name\":\"Higher-Education\"}]},{\"@type\":\"WebSite\",\"@id\":\"https:\\\/\\\/sante-mentale-jeunesse.usherbrooke.ca\\\/en\\\/#website\",\"url\":\"https:\\\/\\\/sante-mentale-jeunesse.usherbrooke.ca\\\/en\\\/\",\"name\":\"Centre d'expertise RBC\",\"description\":\"\",\"publisher\":{\"@id\":\"https:\\\/\\\/sante-mentale-jeunesse.usherbrooke.ca\\\/en\\\/#organization\"},\"potentialAction\":[{\"@type\":\"SearchAction\",\"target\":{\"@type\":\"EntryPoint\",\"urlTemplate\":\"https:\\\/\\\/sante-mentale-jeunesse.usherbrooke.ca\\\/en\\\/?s={search_term_string}\"},\"query-input\":{\"@type\":\"PropertyValueSpecification\",\"valueRequired\":true,\"valueName\":\"search_term_string\"}}],\"inLanguage\":\"en-US\"},{\"@type\":\"Organization\",\"@id\":\"https:\\\/\\\/sante-mentale-jeunesse.usherbrooke.ca\\\/en\\\/#organization\",\"name\":\"LE CENTRE RBC D\u2019EXPERTISE UNIVERSITAIRE EN SANT\u00c9 MENTALE DESTIN\u00c9 AUX ENFANTS ADOLESCENTS ET ADOLESCENTES ET AUX JEUNES ADULTES\",\"url\":\"https:\\\/\\\/sante-mentale-jeunesse.usherbrooke.ca\\\/en\\\/\",\"logo\":{\"@type\":\"ImageObject\",\"inLanguage\":\"en-US\",\"@id\":\"https:\\\/\\\/sante-mentale-jeunesse.usherbrooke.ca\\\/en\\\/#\\\/schema\\\/logo\\\/image\\\/\",\"url\":\"https:\\\/\\\/sante-mentale-jeunesse.usherbrooke.ca\\\/wp-content\\\/uploads\\\/2020\\\/05\\\/RBC_Logo_CMYK.jpg\",\"contentUrl\":\"https:\\\/\\\/sante-mentale-jeunesse.usherbrooke.ca\\\/wp-content\\\/uploads\\\/2020\\\/05\\\/RBC_Logo_CMYK.jpg\",\"width\":1417,\"height\":309,\"caption\":\"LE CENTRE RBC D\u2019EXPERTISE UNIVERSITAIRE EN SANT\u00c9 MENTALE DESTIN\u00c9 AUX ENFANTS ADOLESCENTS ET ADOLESCENTES ET AUX JEUNES ADULTES\"},\"image\":{\"@id\":\"https:\\\/\\\/sante-mentale-jeunesse.usherbrooke.ca\\\/en\\\/#\\\/schema\\\/logo\\\/image\\\/\"},\"sameAs\":[\"https:\\\/\\\/www.facebook.com\\\/CentreRBCdexpertise\\\/?ref=aymt_homepage_panel&amp;amp;amp;amp;amp;amp;amp;amp;amp;amp;amp;amp;eid=ARC6vBsAoGSLHTefYC0b9nfWV-5nfRgGZKMP-b9mfcj2ngnifRHBNxaG01v_vKc32EbSzBDNPVi_EOeB\",\"https:\\\/\\\/www.youtube.com\\\/channel\\\/UCkFCa67QxAI3cO8zWW2jtmA\"]}]}<\/script>\n<!-- \/ Yoast SEO plugin. -->","yoast_head_json":{"title":"Higher-Education - Centre RBC d&#039;expertise universitaire","robots":{"index":"index","follow":"follow","max-snippet":"max-snippet:-1","max-image-preview":"max-image-preview:large","max-video-preview":"max-video-preview:-1"},"canonical":"https:\/\/sante-mentale-jeunesse.usherbrooke.ca\/en\/hors-piste\/programme-post-secondaire\/","og_locale":"en_US","og_type":"article","og_title":"Higher-Education - Centre RBC d&#039;expertise universitaire","og_description":"Higher-EducationLe volet post-secondaire se d\u00e9ploie au sein des cinq \u00e9tablissements d\u2019enseignement sup\u00e9rieur en Estrie et vise la mise en place de plusieurs initiatives \u00e0 tous les niveaux du syst\u00e8me. Il s\u2019agit d\u2019un projet de collaboration entre les \u00e9tablissements d\u2019enseignement partenaires du projet et le Centre RBC qui a pour objectif ultime de favoriser la sant\u00e9 psychologique de la communaut\u00e9 \u00e9tudiante post-secondaire de l\u2019Estrie de fa\u00e7on durable. Le r\u00f4le du Centre RBC consiste principalement \u00e0 soutenir les \u00e9tablissements en leur fournissant de l\u2019information sur les meilleures pratiques recens\u00e9es dans la litt\u00e9rature, en cr\u00e9ant des espaces de r\u00e9flexion et d\u2019\u00e9change entre les acteurs et en assurant l\u2019\u00e9valuation des initiatives mises en place. Pour plus d\u2019informations sur le projet Le site web du\u00a0Projet sant\u00e9 Psy, d\u00e9velopp\u00e9 par un \u00e9tudiant du C\u00e9gep de Sherbrooke, vous permet d\u2019en apprendre un peu plus sur la nature du projet\u00a0et son contexte. Outils et initiatives Catalogue des initiatives et des pratiques inspirantes Dans son r\u00f4le de soutien au projet, le Centre RBC a r\u00e9alis\u00e9 une revue de la litt\u00e9rature sur les initiatives et pratiques prometteuses pour favoriser la sant\u00e9 psychologique des \u00e9tudiants post-secondaires recens\u00e9s au Qu\u00e9bec et ailleurs dans le monde.Catalogue des initiatives et des pratiques inspirantes S\u00e9rie [&hellip;]","og_url":"https:\/\/sante-mentale-jeunesse.usherbrooke.ca\/en\/hors-piste\/programme-post-secondaire\/","og_site_name":"Centre RBC d&#039;expertise universitaire","article_publisher":"https:\/\/www.facebook.com\/CentreRBCdexpertise\/?ref=aymt_homepage_panel&amp%3bamp%3bamp%3bamp%3bamp%3bamp%3bamp%3bamp%3bamp%3bamp%3bamp%3bamp%3beid=ARC6vBsAoGSLHTefYC0b9nfWV-5nfRgGZKMP-b9mfcj2ngnifRHBNxaG01v_vKc32EbSzBDNPVi_EOeB","article_modified_time":"2023-06-14T12:27:21+00:00","og_image":[{"url":"https:\/\/sante-mentale-jeunesse.usherbrooke.ca\/wp-content\/uploads\/2020\/06\/logo_hors-piste_post-secondaire_crop.png","type":"","width":"","height":""}],"twitter_card":"summary_large_image","twitter_misc":{"Est. reading time":"2 minutes"},"schema":{"@context":"https:\/\/schema.org","@graph":[{"@type":"WebPage","@id":"https:\/\/sante-mentale-jeunesse.usherbrooke.ca\/en\/hors-piste\/programme-post-secondaire\/","url":"https:\/\/sante-mentale-jeunesse.usherbrooke.ca\/en\/hors-piste\/programme-post-secondaire\/","name":"Higher-Education - Centre RBC d&#039;expertise universitaire","isPartOf":{"@id":"https:\/\/sante-mentale-jeunesse.usherbrooke.ca\/en\/#website"},"primaryImageOfPage":{"@id":"https:\/\/sante-mentale-jeunesse.usherbrooke.ca\/en\/hors-piste\/programme-post-secondaire\/#primaryimage"},"image":{"@id":"https:\/\/sante-mentale-jeunesse.usherbrooke.ca\/en\/hors-piste\/programme-post-secondaire\/#primaryimage"},"thumbnailUrl":"https:\/\/sante-mentale-jeunesse.usherbrooke.ca\/wp-content\/uploads\/2020\/06\/logo_hors-piste_post-secondaire_crop.png","datePublished":"2020-06-01T19:44:23+00:00","dateModified":"2023-06-14T12:27:21+00:00","breadcrumb":{"@id":"https:\/\/sante-mentale-jeunesse.usherbrooke.ca\/en\/hors-piste\/programme-post-secondaire\/#breadcrumb"},"inLanguage":"en-US","potentialAction":[{"@type":"ReadAction","target":["https:\/\/sante-mentale-jeunesse.usherbrooke.ca\/en\/hors-piste\/programme-post-secondaire\/"]}]},{"@type":"ImageObject","inLanguage":"en-US","@id":"https:\/\/sante-mentale-jeunesse.usherbrooke.ca\/en\/hors-piste\/programme-post-secondaire\/#primaryimage","url":"https:\/\/sante-mentale-jeunesse.usherbrooke.ca\/wp-content\/uploads\/2020\/06\/logo_hors-piste_post-secondaire_crop.png","contentUrl":"https:\/\/sante-mentale-jeunesse.usherbrooke.ca\/wp-content\/uploads\/2020\/06\/logo_hors-piste_post-secondaire_crop.png"},{"@type":"BreadcrumbList","@id":"https:\/\/sante-mentale-jeunesse.usherbrooke.ca\/en\/hors-piste\/programme-post-secondaire\/#breadcrumb","itemListElement":[{"@type":"ListItem","position":1,"name":"Accueil","item":"https:\/\/sante-mentale-jeunesse.usherbrooke.ca\/en\/"},{"@type":"ListItem","position":2,"name":"HORS PISTE","item":"https:\/\/sante-mentale-jeunesse.usherbrooke.ca\/en\/hors-piste\/"},{"@type":"ListItem","position":3,"name":"Higher-Education"}]},{"@type":"WebSite","@id":"https:\/\/sante-mentale-jeunesse.usherbrooke.ca\/en\/#website","url":"https:\/\/sante-mentale-jeunesse.usherbrooke.ca\/en\/","name":"Centre d'expertise RBC","description":"","publisher":{"@id":"https:\/\/sante-mentale-jeunesse.usherbrooke.ca\/en\/#organization"},"potentialAction":[{"@type":"SearchAction","target":{"@type":"EntryPoint","urlTemplate":"https:\/\/sante-mentale-jeunesse.usherbrooke.ca\/en\/?s={search_term_string}"},"query-input":{"@type":"PropertyValueSpecification","valueRequired":true,"valueName":"search_term_string"}}],"inLanguage":"en-US"},{"@type":"Organization","@id":"https:\/\/sante-mentale-jeunesse.usherbrooke.ca\/en\/#organization","name":"LE CENTRE RBC D\u2019EXPERTISE UNIVERSITAIRE EN SANT\u00c9 MENTALE DESTIN\u00c9 AUX ENFANTS ADOLESCENTS ET ADOLESCENTES ET AUX JEUNES ADULTES","url":"https:\/\/sante-mentale-jeunesse.usherbrooke.ca\/en\/","logo":{"@type":"ImageObject","inLanguage":"en-US","@id":"https:\/\/sante-mentale-jeunesse.usherbrooke.ca\/en\/#\/schema\/logo\/image\/","url":"https:\/\/sante-mentale-jeunesse.usherbrooke.ca\/wp-content\/uploads\/2020\/05\/RBC_Logo_CMYK.jpg","contentUrl":"https:\/\/sante-mentale-jeunesse.usherbrooke.ca\/wp-content\/uploads\/2020\/05\/RBC_Logo_CMYK.jpg","width":1417,"height":309,"caption":"LE CENTRE RBC D\u2019EXPERTISE UNIVERSITAIRE EN SANT\u00c9 MENTALE DESTIN\u00c9 AUX ENFANTS ADOLESCENTS ET ADOLESCENTES ET AUX JEUNES ADULTES"},"image":{"@id":"https:\/\/sante-mentale-jeunesse.usherbrooke.ca\/en\/#\/schema\/logo\/image\/"},"sameAs":["https:\/\/www.facebook.com\/CentreRBCdexpertise\/?ref=aymt_homepage_panel&amp;amp;amp;amp;amp;amp;amp;amp;amp;amp;amp;amp;eid=ARC6vBsAoGSLHTefYC0b9nfWV-5nfRgGZKMP-b9mfcj2ngnifRHBNxaG01v_vKc32EbSzBDNPVi_EOeB","https:\/\/www.youtube.com\/channel\/UCkFCa67QxAI3cO8zWW2jtmA"]}]}},"_links":{"self":[{"href":"https:\/\/sante-mentale-jeunesse.usherbrooke.ca\/en\/wp-json\/wp\/v2\/pages\/8877","targetHints":{"allow":["GET"]}}],"collection":[{"href":"https:\/\/sante-mentale-jeunesse.usherbrooke.ca\/en\/wp-json\/wp\/v2\/pages"}],"about":[{"href":"https:\/\/sante-mentale-jeunesse.usherbrooke.ca\/en\/wp-json\/wp\/v2\/types\/page"}],"author":[{"embeddable":true,"href":"https:\/\/sante-mentale-jeunesse.usherbrooke.ca\/en\/wp-json\/wp\/v2\/users\/7"}],"replies":[{"embeddable":true,"href":"https:\/\/sante-mentale-jeunesse.usherbrooke.ca\/en\/wp-json\/wp\/v2\/comments?post=8877"}],"version-history":[{"count":6,"href":"https:\/\/sante-mentale-jeunesse.usherbrooke.ca\/en\/wp-json\/wp\/v2\/pages\/8877\/revisions"}],"predecessor-version":[{"id":12277,"href":"https:\/\/sante-mentale-jeunesse.usherbrooke.ca\/en\/wp-json\/wp\/v2\/pages\/8877\/revisions\/12277"}],"up":[{"embeddable":true,"href":"https:\/\/sante-mentale-jeunesse.usherbrooke.ca\/en\/wp-json\/wp\/v2\/pages\/8870"}],"wp:attachment":[{"href":"https:\/\/sante-mentale-jeunesse.usherbrooke.ca\/en\/wp-json\/wp\/v2\/media?parent=8877"}],"curies":[{"name":"wp","href":"https:\/\/api.w.org\/{rel}","templated":true}]}}